{"id":6164,"date":"2026-04-07T16:31:42","date_gmt":"2026-04-07T14:31:42","guid":{"rendered":"https:\/\/www.azur-confort.com\/?post_type=product&#038;p=6164"},"modified":"2026-04-14T12:27:00","modified_gmt":"2026-04-14T10:27:00","slug":"fauteuil-dairi","status":"publish","type":"product","link":"https:\/\/www.azur-confort.com\/en\/collections\/dairi\/fauteuil-dairi\/","title":{"rendered":"Fauteuil DAIRI"},"content":{"rendered":"<p>Notre fauteuil ext\u00e9rieur DAIRI s&#8217;inspire des charpentes des chalets. Il propose une assise <strong>large et confortable<\/strong>. Seul ou associ\u00e9 \u00e0 notre banquette DAIRI, il cr\u00e9era un espace convivial et chaleureux pour votre terrasse.<\/p>\n<p>Les mat\u00e9riaux de la banquette ext\u00e9rieure DAIRI ont \u00e9t\u00e9 s\u00e9lectionn\u00e9s pour leur <strong>r\u00e9sistance \u00e0 l\u2019ext\u00e9rieur<\/strong>. En finition naturelle ou color\u00e9e, <strong>personnalisez votre fauteuil<\/strong> avec notre s\u00e9lection de toiles d\u2019ext\u00e9rieures et cr\u00e9ez une terrasse \u00e0 vos couleurs.<\/p>\n","protected":false},"excerpt":{"rendered":"<p class=\"lead\" style=\"margin: 0in; font-family: Calibri; font-size: 11.0pt;\"><span style=\"font-weight: bold;\">Structure<br \/>\n<\/span>Structure en <span style=\"font-weight: bold;\">bois de ch\u00e2taignier, issu de for\u00eats g\u00e9r\u00e9es durablement.<\/span> Le ch\u00e2taignier est un bois dur particuli\u00e8rement durable. De classe 3, le ch\u00e2taignier est r\u00e9sistant aux insectes, aux intemp\u00e9ries et \u00e0 l&#8217;air marin.<\/p>\n<p class=\"lead\" style=\"margin: 0in; font-family: Calibri; font-size: 11.0pt;\"><span style=\"font-weight: bold;\">Toiles<br \/>\n<\/span>Les toiles d\u2019assise et de dossier ont \u00e9t\u00e9 sp\u00e9cialement s\u00e9lectionn\u00e9es pour leur\u00a0<span style=\"font-weight: bold;\">r\u00e9sistance aux conditions ext\u00e9rieures<\/span>. Nous vous proposons une cinquantaine de toiles, unies ou \u00e0 motifs, des marques Serge Ferrari, Sunbrella, Pierre Frey, Jim Thompson et Arpin.<\/p>\n<p class=\"lead\" style=\"margin: 0in; font-family: Calibri; font-size: 11.0pt;\"><span style=\"font-weight: bold;\">Mousses<br \/>\n<\/span>Pour le matelas, nous utilisons une <span style=\"font-weight: bold;\">mousse Dryfeel sp\u00e9cialement con\u00e7ue pour l\u2019ext\u00e9rieur<\/span>. Sa structure alv\u00e9ol\u00e9e permet de laisser passer l\u2019eau afin de limiter les risques de moisissures. Le rembourrage des coussins est adapt\u00e9 \u00e0 une utilisation ext\u00e9rieure.<\/p>\n<p class=\"lead\" style=\"margin: 0in; font-family: Calibri; font-size: 11.0pt;\"><a href=\"https:\/\/www.azur-confort.com\/matieres\/\"><span style=\"font-weight: bold;\">NOS MATI\u00c8RES<\/span><\/a><br \/>\n<a href=\"https:\/\/www.azur-confort.com\/catalogue\/\"><span style=\"font-weight: bold;\">GUIDE D\u2019ENTRETIEN<\/span><\/a><\/p>\n","protected":false},"featured_media":6165,"comment_status":"closed","ping_status":"closed","template":"","meta":{"_et_pb_use_builder":"off","_et_pb_old_content":"Notre fauteuil ext\u00e9rieur DAIRI s'inspire des charpentes des chalets. Il propose une assise <strong>large et confortable<\/strong>. Seul ou associ\u00e9 \u00e0 notre banquette DAIRI, il cr\u00e9era un espace convivial et chaleureux pour votre terrasse.\r\n\r\nLes mat\u00e9riaux de la banquette ext\u00e9rieure DAIRI ont \u00e9t\u00e9 s\u00e9lectionn\u00e9s pour leur <strong>r\u00e9sistance \u00e0 l\u2019ext\u00e9rieur<\/strong>. En finition naturelle ou color\u00e9e, <strong>personnalisez votre fauteuil<\/strong> avec notre s\u00e9lection de toiles d\u2019ext\u00e9rieures et cr\u00e9ez une terrasse \u00e0 vos couleurs.","_et_gb_content_width":""},"product_brand":[],"product_cat":[21],"product_tag":[158,98],"class_list":{"0":"post-6164","1":"product","2":"type-product","3":"status-publish","4":"has-post-thumbnail","6":"product_cat-dairi","7":"product_tag-assises-lounge","8":"product_tag-detente","10":"first","11":"instock","12":"shipping-taxable","13":"purchasable","14":"product-type-simple"},"yoast_head":"<!-- This site is optimized with the Yoast SEO plugin v27.4 - https:\/\/yoast.com\/product\/yoast-seo-wordpress\/ -->\n<title>Fauteuil DAIRI &#8211; Azur Confort<\/title>\n<meta name=\"robots\" content=\"index, follow, max-snippet:-1, max-image-preview:large, max-video-preview:-1\" \/>\n<link rel=\"canonical\" href=\"https:\/\/www.azur-confort.com\/en\/collections\/dairi\/fauteuil-dairi\/\" \/>\n<meta property=\"og:locale\" content=\"en_US\" \/>\n<meta property=\"og:type\" content=\"article\" \/>\n<meta property=\"og:title\" content=\"Fauteuil DAIRI &#8211; Azur Confort\" \/>\n<meta property=\"og:description\" content=\"Structure Structure en bois de ch\u00e2taignier, issu de for\u00eats g\u00e9r\u00e9es durablement. Le ch\u00e2taignier est un bois dur particuli\u00e8rement durable. De classe 3, le ch\u00e2taignier est r\u00e9sistant aux insectes, aux intemp\u00e9ries et \u00e0 l&#039;air marin. Toiles Les toiles d\u2019assise et de dossier ont \u00e9t\u00e9 sp\u00e9cialement s\u00e9lectionn\u00e9es pour leur\u00a0r\u00e9sistance aux conditions ext\u00e9rieures. Nous vous proposons une cinquantaine de toiles, unies ou \u00e0 motifs, des marques Serge Ferrari, Sunbrella, Pierre Frey, Jim Thompson et Arpin. Mousses Pour le matelas, nous utilisons une mousse Dryfeel sp\u00e9cialement con\u00e7ue pour l\u2019ext\u00e9rieur. Sa structure alv\u00e9ol\u00e9e permet de laisser passer l\u2019eau afin de limiter les risques de moisissures. Le rembourrage des coussins est adapt\u00e9 \u00e0 une utilisation ext\u00e9rieure. NOS MATI\u00c8RES GUIDE D\u2019ENTRETIEN\" \/>\n<meta property=\"og:url\" content=\"https:\/\/www.azur-confort.com\/en\/collections\/dairi\/fauteuil-dairi\/\" \/>\n<meta property=\"og:site_name\" content=\"Azur Confort\" \/>\n<meta property=\"article:publisher\" content=\"https:\/\/www.facebook.com\/azurconfortmobilier\" \/>\n<meta property=\"article:modified_time\" content=\"2026-04-14T10:27:00+00:00\" \/>\n<meta property=\"og:image\" content=\"https:\/\/www.azur-confort.com\/wp-content\/uploads\/2025\/05\/fauteuil-DAIRI-huile-miel_batyline-marine-persp.jpg\" \/>\n\t<meta property=\"og:image:width\" content=\"700\" \/>\n\t<meta property=\"og:image:height\" content=\"700\" \/>\n\t<meta property=\"og:image:type\" content=\"image\/jpeg\" \/>\n<meta name=\"twitter:card\" content=\"summary_large_image\" \/>\n<meta name=\"twitter:label1\" content=\"Est. reading time\" \/>\n\t<meta name=\"twitter:data1\" content=\"2 minutes\" \/>\n<script type=\"application\/ld+json\" class=\"yoast-schema-graph\">{\"@context\":\"https:\\\/\\\/schema.org\",\"@graph\":[{\"@type\":\"WebPage\",\"@id\":\"https:\\\/\\\/www.azur-confort.com\\\/en\\\/collections\\\/dairi\\\/fauteuil-dairi\\\/\",\"url\":\"https:\\\/\\\/www.azur-confort.com\\\/en\\\/collections\\\/dairi\\\/fauteuil-dairi\\\/\",\"name\":\"Fauteuil DAIRI &#8211; Azur Confort\",\"isPartOf\":{\"@id\":\"https:\\\/\\\/www.azur-confort.com\\\/en\\\/#website\"},\"primaryImageOfPage\":{\"@id\":\"https:\\\/\\\/www.azur-confort.com\\\/en\\\/collections\\\/dairi\\\/fauteuil-dairi\\\/#primaryimage\"},\"image\":{\"@id\":\"https:\\\/\\\/www.azur-confort.com\\\/en\\\/collections\\\/dairi\\\/fauteuil-dairi\\\/#primaryimage\"},\"thumbnailUrl\":\"https:\\\/\\\/www.azur-confort.com\\\/wp-content\\\/uploads\\\/2025\\\/05\\\/fauteuil-DAIRI-huile-miel_batyline-marine-persp.jpg\",\"datePublished\":\"2026-04-07T14:31:42+00:00\",\"dateModified\":\"2026-04-14T10:27:00+00:00\",\"breadcrumb\":{\"@id\":\"https:\\\/\\\/www.azur-confort.com\\\/en\\\/collections\\\/dairi\\\/fauteuil-dairi\\\/#breadcrumb\"},\"inLanguage\":\"en-US\",\"potentialAction\":[{\"@type\":\"ReadAction\",\"target\":[\"https:\\\/\\\/www.azur-confort.com\\\/en\\\/collections\\\/dairi\\\/fauteuil-dairi\\\/\"]}]},{\"@type\":\"ImageObject\",\"inLanguage\":\"en-US\",\"@id\":\"https:\\\/\\\/www.azur-confort.com\\\/en\\\/collections\\\/dairi\\\/fauteuil-dairi\\\/#primaryimage\",\"url\":\"https:\\\/\\\/www.azur-confort.com\\\/wp-content\\\/uploads\\\/2025\\\/05\\\/fauteuil-DAIRI-huile-miel_batyline-marine-persp.jpg\",\"contentUrl\":\"https:\\\/\\\/www.azur-confort.com\\\/wp-content\\\/uploads\\\/2025\\\/05\\\/fauteuil-DAIRI-huile-miel_batyline-marine-persp.jpg\",\"width\":700,\"height\":700},{\"@type\":\"BreadcrumbList\",\"@id\":\"https:\\\/\\\/www.azur-confort.com\\\/en\\\/collections\\\/dairi\\\/fauteuil-dairi\\\/#breadcrumb\",\"itemListElement\":[{\"@type\":\"ListItem\",\"position\":1,\"name\":\"Accueil\",\"item\":\"https:\\\/\\\/www.azur-confort.com\\\/en\\\/home\\\/\"},{\"@type\":\"ListItem\",\"position\":2,\"name\":\"Recherche\",\"item\":\"https:\\\/\\\/www.azur-confort.com\\\/recherche\\\/\"},{\"@type\":\"ListItem\",\"position\":3,\"name\":\"Fauteuil DAIRI\"}]},{\"@type\":\"WebSite\",\"@id\":\"https:\\\/\\\/www.azur-confort.com\\\/en\\\/#website\",\"url\":\"https:\\\/\\\/www.azur-confort.com\\\/en\\\/\",\"name\":\"Azur Confort\",\"description\":\"Votre mobilier durable et intemporel\",\"publisher\":{\"@id\":\"https:\\\/\\\/www.azur-confort.com\\\/en\\\/#organization\"},\"potentialAction\":[{\"@type\":\"SearchAction\",\"target\":{\"@type\":\"EntryPoint\",\"urlTemplate\":\"https:\\\/\\\/www.azur-confort.com\\\/en\\\/?s={search_term_string}\"},\"query-input\":{\"@type\":\"PropertyValueSpecification\",\"valueRequired\":true,\"valueName\":\"search_term_string\"}}],\"inLanguage\":\"en-US\"},{\"@type\":\"Organization\",\"@id\":\"https:\\\/\\\/www.azur-confort.com\\\/en\\\/#organization\",\"name\":\"Azur Confort\",\"url\":\"https:\\\/\\\/www.azur-confort.com\\\/en\\\/\",\"logo\":{\"@type\":\"ImageObject\",\"inLanguage\":\"en-US\",\"@id\":\"https:\\\/\\\/www.azur-confort.com\\\/en\\\/#\\\/schema\\\/logo\\\/image\\\/\",\"url\":\"https:\\\/\\\/www.azur-confort.com\\\/wp-content\\\/uploads\\\/2024\\\/07\\\/LOGO-Azur-Confort.jpg\",\"contentUrl\":\"https:\\\/\\\/www.azur-confort.com\\\/wp-content\\\/uploads\\\/2024\\\/07\\\/LOGO-Azur-Confort.jpg\",\"width\":696,\"height\":757,\"caption\":\"Azur Confort\"},\"image\":{\"@id\":\"https:\\\/\\\/www.azur-confort.com\\\/en\\\/#\\\/schema\\\/logo\\\/image\\\/\"},\"sameAs\":[\"https:\\\/\\\/www.facebook.com\\\/azurconfortmobilier\",\"https:\\\/\\\/www.instagram.com\\\/azur.confort\\\/\",\"https:\\\/\\\/fr.linkedin.com\\\/company\\\/azur-confort-sas\",\"https:\\\/\\\/www.pinterest.fr\\\/azurconfort\\\/\"]}]}<\/script>\n<!-- \/ Yoast SEO plugin. -->","yoast_head_json":{"title":"Fauteuil DAIRI &#8211; Azur Confort","robots":{"index":"index","follow":"follow","max-snippet":"max-snippet:-1","max-image-preview":"max-image-preview:large","max-video-preview":"max-video-preview:-1"},"canonical":"https:\/\/www.azur-confort.com\/en\/collections\/dairi\/fauteuil-dairi\/","og_locale":"en_US","og_type":"article","og_title":"Fauteuil DAIRI &#8211; Azur Confort","og_description":"Structure Structure en bois de ch\u00e2taignier, issu de for\u00eats g\u00e9r\u00e9es durablement. Le ch\u00e2taignier est un bois dur particuli\u00e8rement durable. De classe 3, le ch\u00e2taignier est r\u00e9sistant aux insectes, aux intemp\u00e9ries et \u00e0 l'air marin. Toiles Les toiles d\u2019assise et de dossier ont \u00e9t\u00e9 sp\u00e9cialement s\u00e9lectionn\u00e9es pour leur\u00a0r\u00e9sistance aux conditions ext\u00e9rieures. Nous vous proposons une cinquantaine de toiles, unies ou \u00e0 motifs, des marques Serge Ferrari, Sunbrella, Pierre Frey, Jim Thompson et Arpin. Mousses Pour le matelas, nous utilisons une mousse Dryfeel sp\u00e9cialement con\u00e7ue pour l\u2019ext\u00e9rieur. Sa structure alv\u00e9ol\u00e9e permet de laisser passer l\u2019eau afin de limiter les risques de moisissures. Le rembourrage des coussins est adapt\u00e9 \u00e0 une utilisation ext\u00e9rieure. NOS MATI\u00c8RES GUIDE D\u2019ENTRETIEN","og_url":"https:\/\/www.azur-confort.com\/en\/collections\/dairi\/fauteuil-dairi\/","og_site_name":"Azur Confort","article_publisher":"https:\/\/www.facebook.com\/azurconfortmobilier","article_modified_time":"2026-04-14T10:27:00+00:00","og_image":[{"width":700,"height":700,"url":"https:\/\/www.azur-confort.com\/wp-content\/uploads\/2025\/05\/fauteuil-DAIRI-huile-miel_batyline-marine-persp.jpg","type":"image\/jpeg"}],"twitter_card":"summary_large_image","twitter_misc":{"Est. reading time":"2 minutes"},"schema":{"@context":"https:\/\/schema.org","@graph":[{"@type":"WebPage","@id":"https:\/\/www.azur-confort.com\/en\/collections\/dairi\/fauteuil-dairi\/","url":"https:\/\/www.azur-confort.com\/en\/collections\/dairi\/fauteuil-dairi\/","name":"Fauteuil DAIRI &#8211; Azur Confort","isPartOf":{"@id":"https:\/\/www.azur-confort.com\/en\/#website"},"primaryImageOfPage":{"@id":"https:\/\/www.azur-confort.com\/en\/collections\/dairi\/fauteuil-dairi\/#primaryimage"},"image":{"@id":"https:\/\/www.azur-confort.com\/en\/collections\/dairi\/fauteuil-dairi\/#primaryimage"},"thumbnailUrl":"https:\/\/www.azur-confort.com\/wp-content\/uploads\/2025\/05\/fauteuil-DAIRI-huile-miel_batyline-marine-persp.jpg","datePublished":"2026-04-07T14:31:42+00:00","dateModified":"2026-04-14T10:27:00+00:00","breadcrumb":{"@id":"https:\/\/www.azur-confort.com\/en\/collections\/dairi\/fauteuil-dairi\/#breadcrumb"},"inLanguage":"en-US","potentialAction":[{"@type":"ReadAction","target":["https:\/\/www.azur-confort.com\/en\/collections\/dairi\/fauteuil-dairi\/"]}]},{"@type":"ImageObject","inLanguage":"en-US","@id":"https:\/\/www.azur-confort.com\/en\/collections\/dairi\/fauteuil-dairi\/#primaryimage","url":"https:\/\/www.azur-confort.com\/wp-content\/uploads\/2025\/05\/fauteuil-DAIRI-huile-miel_batyline-marine-persp.jpg","contentUrl":"https:\/\/www.azur-confort.com\/wp-content\/uploads\/2025\/05\/fauteuil-DAIRI-huile-miel_batyline-marine-persp.jpg","width":700,"height":700},{"@type":"BreadcrumbList","@id":"https:\/\/www.azur-confort.com\/en\/collections\/dairi\/fauteuil-dairi\/#breadcrumb","itemListElement":[{"@type":"ListItem","position":1,"name":"Accueil","item":"https:\/\/www.azur-confort.com\/en\/home\/"},{"@type":"ListItem","position":2,"name":"Recherche","item":"https:\/\/www.azur-confort.com\/recherche\/"},{"@type":"ListItem","position":3,"name":"Fauteuil DAIRI"}]},{"@type":"WebSite","@id":"https:\/\/www.azur-confort.com\/en\/#website","url":"https:\/\/www.azur-confort.com\/en\/","name":"Azur Confort","description":"Votre mobilier durable et intemporel","publisher":{"@id":"https:\/\/www.azur-confort.com\/en\/#organization"},"potentialAction":[{"@type":"SearchAction","target":{"@type":"EntryPoint","urlTemplate":"https:\/\/www.azur-confort.com\/en\/?s={search_term_string}"},"query-input":{"@type":"PropertyValueSpecification","valueRequired":true,"valueName":"search_term_string"}}],"inLanguage":"en-US"},{"@type":"Organization","@id":"https:\/\/www.azur-confort.com\/en\/#organization","name":"Azur Confort","url":"https:\/\/www.azur-confort.com\/en\/","logo":{"@type":"ImageObject","inLanguage":"en-US","@id":"https:\/\/www.azur-confort.com\/en\/#\/schema\/logo\/image\/","url":"https:\/\/www.azur-confort.com\/wp-content\/uploads\/2024\/07\/LOGO-Azur-Confort.jpg","contentUrl":"https:\/\/www.azur-confort.com\/wp-content\/uploads\/2024\/07\/LOGO-Azur-Confort.jpg","width":696,"height":757,"caption":"Azur Confort"},"image":{"@id":"https:\/\/www.azur-confort.com\/en\/#\/schema\/logo\/image\/"},"sameAs":["https:\/\/www.facebook.com\/azurconfortmobilier","https:\/\/www.instagram.com\/azur.confort\/","https:\/\/fr.linkedin.com\/company\/azur-confort-sas","https:\/\/www.pinterest.fr\/azurconfort\/"]}]}},"_links":{"self":[{"href":"https:\/\/www.azur-confort.com\/en\/wp-json\/wp\/v2\/product\/6164","targetHints":{"allow":["GET"]}}],"collection":[{"href":"https:\/\/www.azur-confort.com\/en\/wp-json\/wp\/v2\/product"}],"about":[{"href":"https:\/\/www.azur-confort.com\/en\/wp-json\/wp\/v2\/types\/product"}],"replies":[{"embeddable":true,"href":"https:\/\/www.azur-confort.com\/en\/wp-json\/wp\/v2\/comments?post=6164"}],"wp:featuredmedia":[{"embeddable":true,"href":"https:\/\/www.azur-confort.com\/en\/wp-json\/wp\/v2\/media\/6165"}],"wp:attachment":[{"href":"https:\/\/www.azur-confort.com\/en\/wp-json\/wp\/v2\/media?parent=6164"}],"wp:term":[{"taxonomy":"product_brand","embeddable":true,"href":"https:\/\/www.azur-confort.com\/en\/wp-json\/wp\/v2\/product_brand?post=6164"},{"taxonomy":"product_cat","embeddable":true,"href":"https:\/\/www.azur-confort.com\/en\/wp-json\/wp\/v2\/product_cat?post=6164"},{"taxonomy":"product_tag","embeddable":true,"href":"https:\/\/www.azur-confort.com\/en\/wp-json\/wp\/v2\/product_tag?post=6164"}],"curies":[{"name":"wp","href":"https:\/\/api.w.org\/{rel}","templated":true}]}}