{"id":3899,"date":"2024-06-15T10:10:45","date_gmt":"2024-06-15T08:10:45","guid":{"rendered":"https:\/\/www.azur-confort.com\/collections\/uncategorized\/triangle-table-estiu\/"},"modified":"2024-08-01T11:09:45","modified_gmt":"2024-08-01T09:09:45","slug":"triangle-table-estiu","status":"publish","type":"product","link":"https:\/\/www.azur-confort.com\/en\/collections\/estiu\/triangle-table-estiu\/","title":{"rendered":"Triangle table ESTIU"},"content":{"rendered":"<p>The <strong>Estiu colourful triangle table<\/strong> is one of our company\u2019s historic models, whose shape and colour make it stand out from the crowd. Still based on the original model, this <strong>semi-high table<\/strong> has been gracing the terraces of the French Riviera since the 1940s.<\/p>\n<p>Accompanied by director\u2019s armchairs, the Estiu triangle table is the ideal place to <strong>enjoy the sun on the terrace<\/strong>, while having breakfast or a drink with family and friends. Available in 20 colours, its lacquered finish makes it <strong>highly resistant to outdoor use<\/strong>, protecting the wood and the colour from water and UV rays.<\/p>\n<p>Add its <strong>adaptable round top<\/strong> to change from a triangle to a round table, and increase your seating capacity to five people.<\/p>\n","protected":false},"excerpt":{"rendered":"<p class=\"lead\"><strong>Structure<\/strong><br \/>\nStructure in beechwood, from sustainably managed forests. The Estiu range of lacquered furniture is made from beech wood, a <strong>European wood with a fine and even grain<\/strong> that produces a particularly smooth lacquer finish.<\/p>\n<p class=\"lead\"><a href=\"https:\/\/www.azur-confort.com\/en\/materials\/\"><strong><span style=\"text-decoration: underline;\">OUR MATERIALS<\/span><\/strong><\/a><br \/>\n<a href=\"https:\/\/www.azur-confort.com\/en\/catalogue\/\"><strong><span style=\"text-decoration: underline;\">MAINTENANCE GUIDE<\/span><\/strong><\/a><\/p>\n","protected":false},"featured_media":5548,"comment_status":"closed","ping_status":"closed","template":"","meta":{"_et_pb_use_builder":"","_et_pb_old_content":"","_et_gb_content_width":""},"product_brand":[],"product_cat":[268],"product_tag":[207,206],"class_list":{"0":"post-3899","1":"product","2":"type-product","3":"status-publish","4":"has-post-thumbnail","6":"product_cat-estiu","7":"product_tag-catering","8":"product_tag-tables-en","10":"first","11":"instock","12":"shipping-taxable","13":"purchasable","14":"product-type-simple"},"yoast_head":"<!-- This site is optimized with the Yoast SEO plugin v27.3 - https:\/\/yoast.com\/product\/yoast-seo-wordpress\/ -->\n<title>Colourful triangle table, ESTIU lacquered collection &#8211; Azur Confort<\/title>\n<meta name=\"description\" content=\"Colourful triangle table, historic model from Caf\u00e9 S\u00e9n\u00e9quier. Discover our semi-high outdoor table with its lacquered finish, available in 20 colours.\" \/>\n<meta name=\"robots\" content=\"index, follow, max-snippet:-1, max-image-preview:large, max-video-preview:-1\" \/>\n<link rel=\"canonical\" href=\"https:\/\/www.azur-confort.com\/en\/collections\/estiu\/triangle-table-estiu\/\" \/>\n<meta property=\"og:locale\" content=\"en_US\" \/>\n<meta property=\"og:type\" content=\"article\" \/>\n<meta property=\"og:title\" content=\"Colourful triangle table, ESTIU lacquered collection &#8211; Azur Confort\" \/>\n<meta property=\"og:description\" content=\"Colourful triangle table, historic model from Caf\u00e9 S\u00e9n\u00e9quier. Discover our semi-high outdoor table with its lacquered finish, available in 20 colours.\" \/>\n<meta property=\"og:url\" content=\"https:\/\/www.azur-confort.com\/en\/collections\/estiu\/triangle-table-estiu\/\" \/>\n<meta property=\"og:site_name\" content=\"Azur Confort\" \/>\n<meta property=\"article:publisher\" content=\"https:\/\/www.facebook.com\/azurconfortmobilier\" \/>\n<meta property=\"article:modified_time\" content=\"2024-08-01T09:09:45+00:00\" \/>\n<meta property=\"og:image\" content=\"https:\/\/www.azur-confort.com\/wp-content\/uploads\/2024\/06\/table-triangle-ESTIU-bleu-electrique-5002-persp.jpg\" \/>\n\t<meta property=\"og:image:width\" content=\"800\" \/>\n\t<meta property=\"og:image:height\" content=\"800\" \/>\n\t<meta property=\"og:image:type\" content=\"image\/jpeg\" \/>\n<meta name=\"twitter:card\" content=\"summary_large_image\" \/>\n<meta name=\"twitter:label1\" content=\"Est. reading time\" \/>\n\t<meta name=\"twitter:data1\" content=\"1 minute\" \/>\n<script type=\"application\/ld+json\" class=\"yoast-schema-graph\">{\"@context\":\"https:\\\/\\\/schema.org\",\"@graph\":[{\"@type\":\"WebPage\",\"@id\":\"https:\\\/\\\/www.azur-confort.com\\\/en\\\/collections\\\/estiu\\\/triangle-table-estiu\\\/\",\"url\":\"https:\\\/\\\/www.azur-confort.com\\\/en\\\/collections\\\/estiu\\\/triangle-table-estiu\\\/\",\"name\":\"Colourful triangle table, ESTIU lacquered collection &#8211; Azur Confort\",\"isPartOf\":{\"@id\":\"https:\\\/\\\/www.azur-confort.com\\\/en\\\/#website\"},\"primaryImageOfPage\":{\"@id\":\"https:\\\/\\\/www.azur-confort.com\\\/en\\\/collections\\\/estiu\\\/triangle-table-estiu\\\/#primaryimage\"},\"image\":{\"@id\":\"https:\\\/\\\/www.azur-confort.com\\\/en\\\/collections\\\/estiu\\\/triangle-table-estiu\\\/#primaryimage\"},\"thumbnailUrl\":\"https:\\\/\\\/www.azur-confort.com\\\/wp-content\\\/uploads\\\/2024\\\/06\\\/table-triangle-ESTIU-bleu-electrique-5002-persp.jpg\",\"datePublished\":\"2024-06-15T08:10:45+00:00\",\"dateModified\":\"2024-08-01T09:09:45+00:00\",\"description\":\"Colourful triangle table, historic model from Caf\u00e9 S\u00e9n\u00e9quier. Discover our semi-high outdoor table with its lacquered finish, available in 20 colours.\",\"breadcrumb\":{\"@id\":\"https:\\\/\\\/www.azur-confort.com\\\/en\\\/collections\\\/estiu\\\/triangle-table-estiu\\\/#breadcrumb\"},\"inLanguage\":\"en-US\",\"potentialAction\":[{\"@type\":\"ReadAction\",\"target\":[\"https:\\\/\\\/www.azur-confort.com\\\/en\\\/collections\\\/estiu\\\/triangle-table-estiu\\\/\"]}]},{\"@type\":\"ImageObject\",\"inLanguage\":\"en-US\",\"@id\":\"https:\\\/\\\/www.azur-confort.com\\\/en\\\/collections\\\/estiu\\\/triangle-table-estiu\\\/#primaryimage\",\"url\":\"https:\\\/\\\/www.azur-confort.com\\\/wp-content\\\/uploads\\\/2024\\\/06\\\/table-triangle-ESTIU-bleu-electrique-5002-persp.jpg\",\"contentUrl\":\"https:\\\/\\\/www.azur-confort.com\\\/wp-content\\\/uploads\\\/2024\\\/06\\\/table-triangle-ESTIU-bleu-electrique-5002-persp.jpg\",\"width\":800,\"height\":800},{\"@type\":\"BreadcrumbList\",\"@id\":\"https:\\\/\\\/www.azur-confort.com\\\/en\\\/collections\\\/estiu\\\/triangle-table-estiu\\\/#breadcrumb\",\"itemListElement\":[{\"@type\":\"ListItem\",\"position\":1,\"name\":\"Accueil\",\"item\":\"https:\\\/\\\/www.azur-confort.com\\\/en\\\/home\\\/\"},{\"@type\":\"ListItem\",\"position\":2,\"name\":\"Recherche\",\"item\":\"https:\\\/\\\/www.azur-confort.com\\\/recherche\\\/\"},{\"@type\":\"ListItem\",\"position\":3,\"name\":\"Triangle table ESTIU\"}]},{\"@type\":\"WebSite\",\"@id\":\"https:\\\/\\\/www.azur-confort.com\\\/en\\\/#website\",\"url\":\"https:\\\/\\\/www.azur-confort.com\\\/en\\\/\",\"name\":\"Azur Confort\",\"description\":\"Votre mobilier durable et intemporel\",\"publisher\":{\"@id\":\"https:\\\/\\\/www.azur-confort.com\\\/en\\\/#organization\"},\"potentialAction\":[{\"@type\":\"SearchAction\",\"target\":{\"@type\":\"EntryPoint\",\"urlTemplate\":\"https:\\\/\\\/www.azur-confort.com\\\/en\\\/?s={search_term_string}\"},\"query-input\":{\"@type\":\"PropertyValueSpecification\",\"valueRequired\":true,\"valueName\":\"search_term_string\"}}],\"inLanguage\":\"en-US\"},{\"@type\":\"Organization\",\"@id\":\"https:\\\/\\\/www.azur-confort.com\\\/en\\\/#organization\",\"name\":\"Azur Confort\",\"url\":\"https:\\\/\\\/www.azur-confort.com\\\/en\\\/\",\"logo\":{\"@type\":\"ImageObject\",\"inLanguage\":\"en-US\",\"@id\":\"https:\\\/\\\/www.azur-confort.com\\\/en\\\/#\\\/schema\\\/logo\\\/image\\\/\",\"url\":\"https:\\\/\\\/www.azur-confort.com\\\/wp-content\\\/uploads\\\/2024\\\/07\\\/LOGO-Azur-Confort.jpg\",\"contentUrl\":\"https:\\\/\\\/www.azur-confort.com\\\/wp-content\\\/uploads\\\/2024\\\/07\\\/LOGO-Azur-Confort.jpg\",\"width\":696,\"height\":757,\"caption\":\"Azur Confort\"},\"image\":{\"@id\":\"https:\\\/\\\/www.azur-confort.com\\\/en\\\/#\\\/schema\\\/logo\\\/image\\\/\"},\"sameAs\":[\"https:\\\/\\\/www.facebook.com\\\/azurconfortmobilier\",\"https:\\\/\\\/www.instagram.com\\\/azur.confort\\\/\",\"https:\\\/\\\/fr.linkedin.com\\\/company\\\/azur-confort-sas\",\"https:\\\/\\\/www.pinterest.fr\\\/azurconfort\\\/\"]}]}<\/script>\n<!-- \/ Yoast SEO plugin. -->","yoast_head_json":{"title":"Colourful triangle table, ESTIU lacquered collection &#8211; Azur Confort","description":"Colourful triangle table, historic model from Caf\u00e9 S\u00e9n\u00e9quier. Discover our semi-high outdoor table with its lacquered finish, available in 20 colours.","robots":{"index":"index","follow":"follow","max-snippet":"max-snippet:-1","max-image-preview":"max-image-preview:large","max-video-preview":"max-video-preview:-1"},"canonical":"https:\/\/www.azur-confort.com\/en\/collections\/estiu\/triangle-table-estiu\/","og_locale":"en_US","og_type":"article","og_title":"Colourful triangle table, ESTIU lacquered collection &#8211; Azur Confort","og_description":"Colourful triangle table, historic model from Caf\u00e9 S\u00e9n\u00e9quier. Discover our semi-high outdoor table with its lacquered finish, available in 20 colours.","og_url":"https:\/\/www.azur-confort.com\/en\/collections\/estiu\/triangle-table-estiu\/","og_site_name":"Azur Confort","article_publisher":"https:\/\/www.facebook.com\/azurconfortmobilier","article_modified_time":"2024-08-01T09:09:45+00:00","og_image":[{"width":800,"height":800,"url":"https:\/\/www.azur-confort.com\/wp-content\/uploads\/2024\/06\/table-triangle-ESTIU-bleu-electrique-5002-persp.jpg","type":"image\/jpeg"}],"twitter_card":"summary_large_image","twitter_misc":{"Est. reading time":"1 minute"},"schema":{"@context":"https:\/\/schema.org","@graph":[{"@type":"WebPage","@id":"https:\/\/www.azur-confort.com\/en\/collections\/estiu\/triangle-table-estiu\/","url":"https:\/\/www.azur-confort.com\/en\/collections\/estiu\/triangle-table-estiu\/","name":"Colourful triangle table, ESTIU lacquered collection &#8211; Azur Confort","isPartOf":{"@id":"https:\/\/www.azur-confort.com\/en\/#website"},"primaryImageOfPage":{"@id":"https:\/\/www.azur-confort.com\/en\/collections\/estiu\/triangle-table-estiu\/#primaryimage"},"image":{"@id":"https:\/\/www.azur-confort.com\/en\/collections\/estiu\/triangle-table-estiu\/#primaryimage"},"thumbnailUrl":"https:\/\/www.azur-confort.com\/wp-content\/uploads\/2024\/06\/table-triangle-ESTIU-bleu-electrique-5002-persp.jpg","datePublished":"2024-06-15T08:10:45+00:00","dateModified":"2024-08-01T09:09:45+00:00","description":"Colourful triangle table, historic model from Caf\u00e9 S\u00e9n\u00e9quier. Discover our semi-high outdoor table with its lacquered finish, available in 20 colours.","breadcrumb":{"@id":"https:\/\/www.azur-confort.com\/en\/collections\/estiu\/triangle-table-estiu\/#breadcrumb"},"inLanguage":"en-US","potentialAction":[{"@type":"ReadAction","target":["https:\/\/www.azur-confort.com\/en\/collections\/estiu\/triangle-table-estiu\/"]}]},{"@type":"ImageObject","inLanguage":"en-US","@id":"https:\/\/www.azur-confort.com\/en\/collections\/estiu\/triangle-table-estiu\/#primaryimage","url":"https:\/\/www.azur-confort.com\/wp-content\/uploads\/2024\/06\/table-triangle-ESTIU-bleu-electrique-5002-persp.jpg","contentUrl":"https:\/\/www.azur-confort.com\/wp-content\/uploads\/2024\/06\/table-triangle-ESTIU-bleu-electrique-5002-persp.jpg","width":800,"height":800},{"@type":"BreadcrumbList","@id":"https:\/\/www.azur-confort.com\/en\/collections\/estiu\/triangle-table-estiu\/#breadcrumb","itemListElement":[{"@type":"ListItem","position":1,"name":"Accueil","item":"https:\/\/www.azur-confort.com\/en\/home\/"},{"@type":"ListItem","position":2,"name":"Recherche","item":"https:\/\/www.azur-confort.com\/recherche\/"},{"@type":"ListItem","position":3,"name":"Triangle table ESTIU"}]},{"@type":"WebSite","@id":"https:\/\/www.azur-confort.com\/en\/#website","url":"https:\/\/www.azur-confort.com\/en\/","name":"Azur Confort","description":"Votre mobilier durable et intemporel","publisher":{"@id":"https:\/\/www.azur-confort.com\/en\/#organization"},"potentialAction":[{"@type":"SearchAction","target":{"@type":"EntryPoint","urlTemplate":"https:\/\/www.azur-confort.com\/en\/?s={search_term_string}"},"query-input":{"@type":"PropertyValueSpecification","valueRequired":true,"valueName":"search_term_string"}}],"inLanguage":"en-US"},{"@type":"Organization","@id":"https:\/\/www.azur-confort.com\/en\/#organization","name":"Azur Confort","url":"https:\/\/www.azur-confort.com\/en\/","logo":{"@type":"ImageObject","inLanguage":"en-US","@id":"https:\/\/www.azur-confort.com\/en\/#\/schema\/logo\/image\/","url":"https:\/\/www.azur-confort.com\/wp-content\/uploads\/2024\/07\/LOGO-Azur-Confort.jpg","contentUrl":"https:\/\/www.azur-confort.com\/wp-content\/uploads\/2024\/07\/LOGO-Azur-Confort.jpg","width":696,"height":757,"caption":"Azur Confort"},"image":{"@id":"https:\/\/www.azur-confort.com\/en\/#\/schema\/logo\/image\/"},"sameAs":["https:\/\/www.facebook.com\/azurconfortmobilier","https:\/\/www.instagram.com\/azur.confort\/","https:\/\/fr.linkedin.com\/company\/azur-confort-sas","https:\/\/www.pinterest.fr\/azurconfort\/"]}]}},"_links":{"self":[{"href":"https:\/\/www.azur-confort.com\/en\/wp-json\/wp\/v2\/product\/3899","targetHints":{"allow":["GET"]}}],"collection":[{"href":"https:\/\/www.azur-confort.com\/en\/wp-json\/wp\/v2\/product"}],"about":[{"href":"https:\/\/www.azur-confort.com\/en\/wp-json\/wp\/v2\/types\/product"}],"replies":[{"embeddable":true,"href":"https:\/\/www.azur-confort.com\/en\/wp-json\/wp\/v2\/comments?post=3899"}],"wp:featuredmedia":[{"embeddable":true,"href":"https:\/\/www.azur-confort.com\/en\/wp-json\/wp\/v2\/media\/5548"}],"wp:attachment":[{"href":"https:\/\/www.azur-confort.com\/en\/wp-json\/wp\/v2\/media?parent=3899"}],"wp:term":[{"taxonomy":"product_brand","embeddable":true,"href":"https:\/\/www.azur-confort.com\/en\/wp-json\/wp\/v2\/product_brand?post=3899"},{"taxonomy":"product_cat","embeddable":true,"href":"https:\/\/www.azur-confort.com\/en\/wp-json\/wp\/v2\/product_cat?post=3899"},{"taxonomy":"product_tag","embeddable":true,"href":"https:\/\/www.azur-confort.com\/en\/wp-json\/wp\/v2\/product_tag?post=3899"}],"curies":[{"name":"wp","href":"https:\/\/api.w.org\/{rel}","templated":true}]}}